{"id":58,"date":"2023-08-07T10:11:08","date_gmt":"2023-08-07T10:11:08","guid":{"rendered":"https:\/\/pzhh.com.pl\/?page_id=58"},"modified":"2023-12-01T11:48:48","modified_gmt":"2023-12-01T11:48:48","slug":"nasi-partnerzy","status":"publish","type":"page","link":"https:\/\/pzhh.com.pl\/?page_id=58","title":{"rendered":"Nasi Partnerzy"},"content":{"rendered":"\n<div class=\"wp-block-media-text is-stacked-on-mobile\"><figure class=\"wp-block-media-text__media\"><a href=\"https:\/\/www.animalhelper.pl\/o-nas\/\"><img fetchpriority=\"high\" decoding=\"async\" width=\"1024\" height=\"977\" src=\"https:\/\/pzhh.com.pl\/wp-content\/uploads\/2023\/12\/LOGO_PIONOWE_ZOLTE-1024x977.png\" alt=\"\" class=\"wp-image-223 size-full\" srcset=\"https:\/\/pzhh.com.pl\/wp-content\/uploads\/2023\/12\/LOGO_PIONOWE_ZOLTE-1024x977.png 1024w, https:\/\/pzhh.com.pl\/wp-content\/uploads\/2023\/12\/LOGO_PIONOWE_ZOLTE-300x286.png 300w, https:\/\/pzhh.com.pl\/wp-content\/uploads\/2023\/12\/LOGO_PIONOWE_ZOLTE-768x733.png 768w, https:\/\/pzhh.com.pl\/wp-content\/uploads\/2023\/12\/LOGO_PIONOWE_ZOLTE-1536x1466.png 1536w, https:\/\/pzhh.com.pl\/wp-content\/uploads\/2023\/12\/LOGO_PIONOWE_ZOLTE-2048x1954.png 2048w, https:\/\/pzhh.com.pl\/wp-content\/uploads\/2023\/12\/LOGO_PIONOWE_ZOLTE-1140x1088.png 1140w, https:\/\/pzhh.com.pl\/wp-content\/uploads\/2023\/12\/LOGO_PIONOWE_ZOLTE-920x878.png 920w, https:\/\/pzhh.com.pl\/wp-content\/uploads\/2023\/12\/LOGO_PIONOWE_ZOLTE-575x549.png 575w, https:\/\/pzhh.com.pl\/wp-content\/uploads\/2023\/12\/LOGO_PIONOWE_ZOLTE-380x363.png 380w, https:\/\/pzhh.com.pl\/wp-content\/uploads\/2023\/12\/LOGO_PIONOWE_ZOLTE-1320x1260.png 1320w, https:\/\/pzhh.com.pl\/wp-content\/uploads\/2023\/12\/LOGO_PIONOWE_ZOLTE-800x763.png 800w\" sizes=\"(max-width: 1024px) 100vw, 1024px\" \/><\/a><\/figure><div class=\"wp-block-media-text__content\">\n<p><strong>Animal Helper<\/strong> to darmowa i og\u00f3lnodost\u0119pna aplikacja, kt\u00f3ra ma na celu ratowanie zdrowia zwierz\u0105t. Jej podstawowym za\u0142o\u017ceniem jest skupienie w jednym miejscu wszystkich zg\u0142osze\u0144 dotycz\u0105cych sytuacji, w kt\u00f3rych zwierz\u0119tom dzieje si\u0119 krzywda. Chodzi tu nie tylko o zwierz\u0119ta domowe, ale tak\u017ce dzikie i gospodarskie. Ujednolicony system nie tylko skr\u00f3ci czas reakcji s\u0142u\u017cb w przypadku zagro\u017cenia \u017cycia, ale r\u00f3wnie\u017c pomo\u017ce zbudowa\u0107 pro zwierz\u0119ce spo\u0142ecze\u0144stwo, \u015bwiadome i wyczulone na krzywd\u0119 wobec bezbronnych czworonog\u00f3w. Mo\u017cesz j\u0105 pobra\u0107 <strong><a href=\"https:\/\/www.animalhelper.pl\/pobierz-aplikacje\/\" target=\"_blank\" rel=\"noreferrer noopener\">tutaj<\/a> <\/strong><\/p>\n<\/div><\/div>\n\n\n\n<div class=\"wp-block-media-text has-media-on-the-right is-stacked-on-mobile\"><div class=\"wp-block-media-text__content\">\n<p>Ludzie nie wiedz\u0105, gdzie dzwoni\u0107, gdy widz\u0105 ranne, chore, zagubione czy zag\u0142odzone zwierz\u0119. Animal Helper dzia\u0142a na podobnej zasadzie, jak Wojew\u00f3dzkie Centra Powiadamiania Ratunkowego. Jest to jeden system obiegu informacji, kt\u00f3ry powiadamia odpowiednie dla danego przypadku, miejscowe organy \u015bcigania i s\u0142u\u017cby ratunkowe lub organizacj\u0119 charytatywn\u0105. Co wi\u0119cej, operatorzy od pocz\u0105tku do samego ko\u0144ca prowadz\u0105 i monitoruj\u0105 spraw\u0119, aktualizuj\u0105 statusy, kontaktuj\u0105 si\u0119 z odpowiednimi s\u0142u\u017cbami i organizacjami, tak by u\u017cytkownicy wiedzieli na bie\u017c\u0105co co dzieje si\u0119 z ich zg\u0142oszeniem, a tak\u017ce by kontrolowa\u0107 dzia\u0142ania zaanga\u017cowanych podmiot\u00f3w.<\/p>\n<\/div><figure class=\"wp-block-media-text__media\"><video controls src=\"https:\/\/pzhh.com.pl\/wp-content\/uploads\/2023\/12\/e41365e4-7fe3-4ff2-9a00-6916d5cdab2f.mp4\"><\/video><\/figure><\/div>\n\n\n\n<p><\/p>\n\n\n\n<p><\/p>\n\n\n\n<figure class=\"wp-block-image size-full\"><a href=\"https:\/\/reico-vital.com\/pl\/\"><img decoding=\"async\" width=\"1000\" height=\"584\" src=\"https:\/\/pzhh.com.pl\/wp-content\/uploads\/2023\/08\/1624865206VP-Logo-1000.jpg\" alt=\"\" class=\"wp-image-82\" srcset=\"https:\/\/pzhh.com.pl\/wp-content\/uploads\/2023\/08\/1624865206VP-Logo-1000.jpg 1000w, https:\/\/pzhh.com.pl\/wp-content\/uploads\/2023\/08\/1624865206VP-Logo-1000-300x175.jpg 300w, https:\/\/pzhh.com.pl\/wp-content\/uploads\/2023\/08\/1624865206VP-Logo-1000-768x449.jpg 768w, https:\/\/pzhh.com.pl\/wp-content\/uploads\/2023\/08\/1624865206VP-Logo-1000-920x537.jpg 920w, https:\/\/pzhh.com.pl\/wp-content\/uploads\/2023\/08\/1624865206VP-Logo-1000-575x336.jpg 575w, https:\/\/pzhh.com.pl\/wp-content\/uploads\/2023\/08\/1624865206VP-Logo-1000-380x222.jpg 380w, https:\/\/pzhh.com.pl\/wp-content\/uploads\/2023\/08\/1624865206VP-Logo-1000-800x467.jpg 800w\" sizes=\"(max-width: 1000px) 100vw, 1000px\" \/><\/a><\/figure>\n\n\n\n<figure class=\"wp-block-image size-full\"><a href=\"https:\/\/www.josera.pl\/\"><img decoding=\"async\" width=\"866\" height=\"354\" src=\"https:\/\/pzhh.com.pl\/wp-content\/uploads\/2023\/08\/Logo-JOSERA-petfood_Markenpodest_cmyk-_1_.jpg\" alt=\"\" class=\"wp-image-84\" srcset=\"https:\/\/pzhh.com.pl\/wp-content\/uploads\/2023\/08\/Logo-JOSERA-petfood_Markenpodest_cmyk-_1_.jpg 866w, https:\/\/pzhh.com.pl\/wp-content\/uploads\/2023\/08\/Logo-JOSERA-petfood_Markenpodest_cmyk-_1_-300x123.jpg 300w, https:\/\/pzhh.com.pl\/wp-content\/uploads\/2023\/08\/Logo-JOSERA-petfood_Markenpodest_cmyk-_1_-768x314.jpg 768w, https:\/\/pzhh.com.pl\/wp-content\/uploads\/2023\/08\/Logo-JOSERA-petfood_Markenpodest_cmyk-_1_-575x235.jpg 575w, https:\/\/pzhh.com.pl\/wp-content\/uploads\/2023\/08\/Logo-JOSERA-petfood_Markenpodest_cmyk-_1_-380x155.jpg 380w, https:\/\/pzhh.com.pl\/wp-content\/uploads\/2023\/08\/Logo-JOSERA-petfood_Markenpodest_cmyk-_1_-800x327.jpg 800w\" sizes=\"(max-width: 866px) 100vw, 866px\" \/><\/a><\/figure>\n\n\n\n<figure class=\"wp-block-image size-full\"><a href=\"https:\/\/www.safe-animal.eu\/pl\/\"><img loading=\"lazy\" decoding=\"async\" width=\"1000\" height=\"714\" src=\"https:\/\/pzhh.com.pl\/wp-content\/uploads\/2023\/08\/safe-animal.png\" alt=\"\" class=\"wp-image-87\" srcset=\"https:\/\/pzhh.com.pl\/wp-content\/uploads\/2023\/08\/safe-animal.png 1000w, https:\/\/pzhh.com.pl\/wp-content\/uploads\/2023\/08\/safe-animal-300x214.png 300w, https:\/\/pzhh.com.pl\/wp-content\/uploads\/2023\/08\/safe-animal-768x548.png 768w, https:\/\/pzhh.com.pl\/wp-content\/uploads\/2023\/08\/safe-animal-920x657.png 920w, https:\/\/pzhh.com.pl\/wp-content\/uploads\/2023\/08\/safe-animal-575x411.png 575w, https:\/\/pzhh.com.pl\/wp-content\/uploads\/2023\/08\/safe-animal-380x271.png 380w, https:\/\/pzhh.com.pl\/wp-content\/uploads\/2023\/08\/safe-animal-800x571.png 800w\" sizes=\"(max-width: 1000px) 100vw, 1000px\" \/><\/a><\/figure>\n","protected":false},"excerpt":{"rendered":"<p>Animal Helper to darmowa i og\u00f3lnodost\u0119pna aplikacja, kt\u00f3ra ma na celu ratowanie zdrowia zwierz\u0105t. Jej podstawowym za\u0142o\u017ceniem jest skupienie w jednym miejscu wszystkich zg\u0142osze\u0144 dotycz\u0105cych sytuacji, w kt\u00f3rych zwierz\u0119tom dzieje [&hellip;]<\/p>\n","protected":false},"author":1,"featured_media":0,"parent":0,"menu_order":0,"comment_status":"closed","ping_status":"closed","template":"","meta":{"footnotes":""},"class_list":["post-58","page","type-page","status-publish","hentry"],"yoast_head":"<!-- This site is optimized with the Yoast SEO plugin v23.0 - https:\/\/yoast.com\/wordpress\/plugins\/seo\/ -->\n<title>Nasi Partnerzy - POLSKI ZWI\u0104ZEK HODOWC\u00d3W HYBRYD<\/title>\n<meta name=\"robots\" content=\"index, follow, max-snippet:-1, max-image-preview:large, max-video-preview:-1\" \/>\n<link rel=\"canonical\" href=\"https:\/\/pzhh.com.pl\/?page_id=58\" \/>\n<meta property=\"og:locale\" content=\"pl_PL\" \/>\n<meta property=\"og:type\" content=\"article\" \/>\n<meta property=\"og:title\" content=\"Nasi Partnerzy - POLSKI ZWI\u0104ZEK HODOWC\u00d3W HYBRYD\" \/>\n<meta property=\"og:description\" content=\"Animal Helper to darmowa i og\u00f3lnodost\u0119pna aplikacja, kt\u00f3ra ma na celu ratowanie zdrowia zwierz\u0105t. Jej podstawowym za\u0142o\u017ceniem jest skupienie w jednym miejscu wszystkich zg\u0142osze\u0144 dotycz\u0105cych sytuacji, w kt\u00f3rych zwierz\u0119tom dzieje [&hellip;]\" \/>\n<meta property=\"og:url\" content=\"https:\/\/pzhh.com.pl\/?page_id=58\" \/>\n<meta property=\"og:site_name\" content=\"POLSKI ZWI\u0104ZEK HODOWC\u00d3W HYBRYD\" \/>\n<meta property=\"article:modified_time\" content=\"2023-12-01T11:48:48+00:00\" \/>\n<meta property=\"og:image\" content=\"https:\/\/pzhh.com.pl\/wp-content\/uploads\/2023\/12\/LOGO_PIONOWE_ZOLTE-1024x977.png\" \/>\n<meta name=\"twitter:card\" content=\"summary_large_image\" \/>\n<meta name=\"twitter:label1\" content=\"Szacowany czas czytania\" \/>\n\t<meta name=\"twitter:data1\" content=\"2 minuty\" \/>\n<script type=\"application\/ld+json\" class=\"yoast-schema-graph\">{\"@context\":\"https:\/\/schema.org\",\"@graph\":[{\"@type\":\"WebPage\",\"@id\":\"https:\/\/pzhh.com.pl\/?page_id=58\",\"url\":\"https:\/\/pzhh.com.pl\/?page_id=58\",\"name\":\"Nasi Partnerzy - POLSKI ZWI\u0104ZEK HODOWC\u00d3W HYBRYD\",\"isPartOf\":{\"@id\":\"https:\/\/pzhh.com.pl\/#website\"},\"primaryImageOfPage\":{\"@id\":\"https:\/\/pzhh.com.pl\/?page_id=58#primaryimage\"},\"image\":{\"@id\":\"https:\/\/pzhh.com.pl\/?page_id=58#primaryimage\"},\"thumbnailUrl\":\"https:\/\/pzhh.com.pl\/wp-content\/uploads\/2023\/12\/LOGO_PIONOWE_ZOLTE-1024x977.png\",\"datePublished\":\"2023-08-07T10:11:08+00:00\",\"dateModified\":\"2023-12-01T11:48:48+00:00\",\"breadcrumb\":{\"@id\":\"https:\/\/pzhh.com.pl\/?page_id=58#breadcrumb\"},\"inLanguage\":\"pl-PL\",\"potentialAction\":[{\"@type\":\"ReadAction\",\"target\":[\"https:\/\/pzhh.com.pl\/?page_id=58\"]}]},{\"@type\":\"ImageObject\",\"inLanguage\":\"pl-PL\",\"@id\":\"https:\/\/pzhh.com.pl\/?page_id=58#primaryimage\",\"url\":\"https:\/\/pzhh.com.pl\/wp-content\/uploads\/2023\/12\/LOGO_PIONOWE_ZOLTE.png\",\"contentUrl\":\"https:\/\/pzhh.com.pl\/wp-content\/uploads\/2023\/12\/LOGO_PIONOWE_ZOLTE.png\",\"width\":2670,\"height\":2548},{\"@type\":\"BreadcrumbList\",\"@id\":\"https:\/\/pzhh.com.pl\/?page_id=58#breadcrumb\",\"itemListElement\":[{\"@type\":\"ListItem\",\"position\":1,\"name\":\"Strona g\u0142\u00f3wna\",\"item\":\"https:\/\/pzhh.com.pl\/\"},{\"@type\":\"ListItem\",\"position\":2,\"name\":\"Nasi Partnerzy\"}]},{\"@type\":\"WebSite\",\"@id\":\"https:\/\/pzhh.com.pl\/#website\",\"url\":\"https:\/\/pzhh.com.pl\/\",\"name\":\"POLSKI ZWI\u0104ZEK HODOWC\u00d3W HYBRYD\",\"description\":\"&quot;Bo dobro psa jest dla nas najwa\u017cniejsze&quot;\",\"publisher\":{\"@id\":\"https:\/\/pzhh.com.pl\/#organization\"},\"potentialAction\":[{\"@type\":\"SearchAction\",\"target\":{\"@type\":\"EntryPoint\",\"urlTemplate\":\"https:\/\/pzhh.com.pl\/?s={search_term_string}\"},\"query-input\":\"required name=search_term_string\"}],\"inLanguage\":\"pl-PL\"},{\"@type\":\"Organization\",\"@id\":\"https:\/\/pzhh.com.pl\/#organization\",\"name\":\"POLSKI ZWI\u0104ZEK HODOWC\u00d3W HYBRYD\",\"url\":\"https:\/\/pzhh.com.pl\/\",\"logo\":{\"@type\":\"ImageObject\",\"inLanguage\":\"pl-PL\",\"@id\":\"https:\/\/pzhh.com.pl\/#\/schema\/logo\/image\/\",\"url\":\"https:\/\/pzhh.com.pl\/wp-content\/uploads\/2023\/07\/cropped-logo-12.png\",\"contentUrl\":\"https:\/\/pzhh.com.pl\/wp-content\/uploads\/2023\/07\/cropped-logo-12.png\",\"width\":826,\"height\":206,\"caption\":\"POLSKI ZWI\u0104ZEK HODOWC\u00d3W HYBRYD\"},\"image\":{\"@id\":\"https:\/\/pzhh.com.pl\/#\/schema\/logo\/image\/\"}}]}<\/script>\n<!-- \/ Yoast SEO plugin. -->","yoast_head_json":{"title":"Nasi Partnerzy - POLSKI ZWI\u0104ZEK HODOWC\u00d3W HYBRYD","robots":{"index":"index","follow":"follow","max-snippet":"max-snippet:-1","max-image-preview":"max-image-preview:large","max-video-preview":"max-video-preview:-1"},"canonical":"https:\/\/pzhh.com.pl\/?page_id=58","og_locale":"pl_PL","og_type":"article","og_title":"Nasi Partnerzy - POLSKI ZWI\u0104ZEK HODOWC\u00d3W HYBRYD","og_description":"Animal Helper to darmowa i og\u00f3lnodost\u0119pna aplikacja, kt\u00f3ra ma na celu ratowanie zdrowia zwierz\u0105t. Jej podstawowym za\u0142o\u017ceniem jest skupienie w jednym miejscu wszystkich zg\u0142osze\u0144 dotycz\u0105cych sytuacji, w kt\u00f3rych zwierz\u0119tom dzieje [&hellip;]","og_url":"https:\/\/pzhh.com.pl\/?page_id=58","og_site_name":"POLSKI ZWI\u0104ZEK HODOWC\u00d3W HYBRYD","article_modified_time":"2023-12-01T11:48:48+00:00","og_image":[{"url":"https:\/\/pzhh.com.pl\/wp-content\/uploads\/2023\/12\/LOGO_PIONOWE_ZOLTE-1024x977.png"}],"twitter_card":"summary_large_image","twitter_misc":{"Szacowany czas czytania":"2 minuty"},"schema":{"@context":"https:\/\/schema.org","@graph":[{"@type":"WebPage","@id":"https:\/\/pzhh.com.pl\/?page_id=58","url":"https:\/\/pzhh.com.pl\/?page_id=58","name":"Nasi Partnerzy - POLSKI ZWI\u0104ZEK HODOWC\u00d3W HYBRYD","isPartOf":{"@id":"https:\/\/pzhh.com.pl\/#website"},"primaryImageOfPage":{"@id":"https:\/\/pzhh.com.pl\/?page_id=58#primaryimage"},"image":{"@id":"https:\/\/pzhh.com.pl\/?page_id=58#primaryimage"},"thumbnailUrl":"https:\/\/pzhh.com.pl\/wp-content\/uploads\/2023\/12\/LOGO_PIONOWE_ZOLTE-1024x977.png","datePublished":"2023-08-07T10:11:08+00:00","dateModified":"2023-12-01T11:48:48+00:00","breadcrumb":{"@id":"https:\/\/pzhh.com.pl\/?page_id=58#breadcrumb"},"inLanguage":"pl-PL","potentialAction":[{"@type":"ReadAction","target":["https:\/\/pzhh.com.pl\/?page_id=58"]}]},{"@type":"ImageObject","inLanguage":"pl-PL","@id":"https:\/\/pzhh.com.pl\/?page_id=58#primaryimage","url":"https:\/\/pzhh.com.pl\/wp-content\/uploads\/2023\/12\/LOGO_PIONOWE_ZOLTE.png","contentUrl":"https:\/\/pzhh.com.pl\/wp-content\/uploads\/2023\/12\/LOGO_PIONOWE_ZOLTE.png","width":2670,"height":2548},{"@type":"BreadcrumbList","@id":"https:\/\/pzhh.com.pl\/?page_id=58#breadcrumb","itemListElement":[{"@type":"ListItem","position":1,"name":"Strona g\u0142\u00f3wna","item":"https:\/\/pzhh.com.pl\/"},{"@type":"ListItem","position":2,"name":"Nasi Partnerzy"}]},{"@type":"WebSite","@id":"https:\/\/pzhh.com.pl\/#website","url":"https:\/\/pzhh.com.pl\/","name":"POLSKI ZWI\u0104ZEK HODOWC\u00d3W HYBRYD","description":"&quot;Bo dobro psa jest dla nas najwa\u017cniejsze&quot;","publisher":{"@id":"https:\/\/pzhh.com.pl\/#organization"},"potentialAction":[{"@type":"SearchAction","target":{"@type":"EntryPoint","urlTemplate":"https:\/\/pzhh.com.pl\/?s={search_term_string}"},"query-input":"required name=search_term_string"}],"inLanguage":"pl-PL"},{"@type":"Organization","@id":"https:\/\/pzhh.com.pl\/#organization","name":"POLSKI ZWI\u0104ZEK HODOWC\u00d3W HYBRYD","url":"https:\/\/pzhh.com.pl\/","logo":{"@type":"ImageObject","inLanguage":"pl-PL","@id":"https:\/\/pzhh.com.pl\/#\/schema\/logo\/image\/","url":"https:\/\/pzhh.com.pl\/wp-content\/uploads\/2023\/07\/cropped-logo-12.png","contentUrl":"https:\/\/pzhh.com.pl\/wp-content\/uploads\/2023\/07\/cropped-logo-12.png","width":826,"height":206,"caption":"POLSKI ZWI\u0104ZEK HODOWC\u00d3W HYBRYD"},"image":{"@id":"https:\/\/pzhh.com.pl\/#\/schema\/logo\/image\/"}}]}},"jetpack_sharing_enabled":true,"_links":{"self":[{"href":"https:\/\/pzhh.com.pl\/index.php?rest_route=\/wp\/v2\/pages\/58","targetHints":{"allow":["GET"]}}],"collection":[{"href":"https:\/\/pzhh.com.pl\/index.php?rest_route=\/wp\/v2\/pages"}],"about":[{"href":"https:\/\/pzhh.com.pl\/index.php?rest_route=\/wp\/v2\/types\/page"}],"author":[{"embeddable":true,"href":"https:\/\/pzhh.com.pl\/index.php?rest_route=\/wp\/v2\/users\/1"}],"replies":[{"embeddable":true,"href":"https:\/\/pzhh.com.pl\/index.php?rest_route=%2Fwp%2Fv2%2Fcomments&post=58"}],"version-history":[{"count":4,"href":"https:\/\/pzhh.com.pl\/index.php?rest_route=\/wp\/v2\/pages\/58\/revisions"}],"predecessor-version":[{"id":225,"href":"https:\/\/pzhh.com.pl\/index.php?rest_route=\/wp\/v2\/pages\/58\/revisions\/225"}],"wp:attachment":[{"href":"https:\/\/pzhh.com.pl\/index.php?rest_route=%2Fwp%2Fv2%2Fmedia&parent=58"}],"curies":[{"name":"wp","href":"https:\/\/api.w.org\/{rel}","templated":true}]}}