{"id":59,"date":"2023-08-07T10:11:08","date_gmt":"2023-08-07T10:11:08","guid":{"rendered":"https:\/\/pzhh.com.pl\/?page_id=59"},"modified":"2023-12-15T20:58:50","modified_gmt":"2023-12-15T20:58:50","slug":"kodeks-etyki","status":"publish","type":"page","link":"https:\/\/pzhh.com.pl\/?page_id=59","title":{"rendered":"Kodeks Etyki"},"content":{"rendered":"\n<p><em><strong>Sk\u0142adaj\u0105c wniosek o cz\u0142onkostwo lub odnowienie cz\u0142onkostwa, o\u015bwiadczam, ze<\/strong><\/em>:<\/p>\n\n\n\n<p>Przez ca\u0142y czas b\u0119d\u0119 zapewnia\u0107 wszystkim moim psom odpowiedni\u0105 opiek\u0119 w zakresie schronienia, pozywienia, wody, ruchu i opieki weterynaryjnej.<\/p>\n\n\n\n<p>JAKO HODOWCA postanawiam po\u015bwi\u0119ci\u0107 sw\u00f3j czas i mim celem jest doskonaleniu rasy hybrydowej przeze mnie wybranej\u00a0 poprzez utrzymywanie jej na wysokim poziomie zdrowia psychicznego i fizycznego,\u00a0 prawid\u0142owego temperamentu oraz przyj\u0119tego og\u00f3lnie wygl\u0105du,<\/p>\n\n\n\n<p>Zawsze b\u0119d\u0119 hodowa\u0107 z my\u015bl\u0105 o zdrowiu lub ulepszeniu rasy hybrydowej. Nie b\u0119d\u0119 hodowa\u0107 \u017cadnego Psa\/Suki, kt\u00f3ry nie zosta\u0142 przebadany lub nie spe\u0142nia kt\u00f3regokolwiek z wymaga\u0144 wymienionych w \u201e<strong><u>Wymaganych badaniach zdrowotnych<\/u><\/strong>\u201d. U\u017cywaj\u0105c reproduktora innego ni\u017c z PZHH (zewn\u0119trznego), reproduktor ten musi by\u0107 zarejestrowany z numerem PZHH i musi spe\u0142nia\u0107 r\u00f3wnie\u017c kryteria z \u201ewymaganych bada\u0144 zdrowotnych\u201d.<\/p>\n\n\n\n<p>Nie b\u0119d\u0119 sprzedawa\u0107\/wymienia\u0107 \u017cadnego z moich ps\u00f3w ani szczeni\u0105t \u017cadnym komercyjnym hurtownikom zwierz\u0105t ani detalicznym sprzedawcom\/handlowcom zwierz\u0105t wsz\u0119dzie tam, gdziekolwiek istnieje pow\u00f3d, by s\u0105dzi\u0107, ze szczeniak lub pies nie b\u0119dzie mia\u0142 odpowiedniej opieki.<\/p>\n\n\n\n<p>Nie b\u0119d\u0119 po\u015bredniczy\u0142 w sprzeda\u017cy nie swoich szczeni\u0105t.<\/p>\n\n\n\n<p>Nie sprzedam\/wymieni\u0119\/wypuszcz\u0119 szczeniaka w wieku poni\u017cej 7 tygodni.<\/p>\n\n\n\n<p>Oddam\/sprzedam\/wymieni\u0119 wszystkie szczeni\u0119ta z pisemnymi wymaganiami dotycz\u0105cymi sterylizacji\/kastracji lub zlec\u0119 sterylizacj\u0119\/kastracj\u0119 szczeni\u0105t przed opuszczeniem Hodowli, chyba \u017ce szczeni\u0119ta zostan\u0105 sprzedane z prawami hodowlanymi.<\/p>\n\n\n\n<p>Upewni\u0119 si\u0119, \u017ce ka\u017cdy kupuj\u0105cy, kt\u00f3remu udzielono praw do hodowli szczeniaka, rozumie i przestrzega etycznych praktyk hodowlanych..<\/p>\n\n\n\n<p>Sprzeda\u017c zawsze b\u0119dzie si\u0119 odbywa\u0107 na podstawie umowy kupna-sprzeda\u017cy lub umowy wsp\u00f3\u0142w\u0142asno\u015bci z odpowiednimi zapisami dalszego rozrodu.<\/p>\n\n\n\n<p>B\u0119d\u0119 wybiera\u0107 nowych w\u0142a\u015bcicieli z nale\u017cyt\u0105 staranno\u015bci\u0105 i b\u0119d\u0119 ich edukowa\u0107 najlepiej jak potrafi\u0119 w zakresie w\u0142a\u015bciwej opieki i dobrostanu szczeniaka. Udost\u0119pni\u0119 nowym w\u0142a\u015bcicielom pisemny poradnik.<\/p>\n\n\n\n<p>B\u0119d\u0119 oferowa\u0107 wsparcie e-mailowe i telefoniczne nowym w\u0142a\u015bcicielom szczeni\u0105t przed i po opuszczeniu przez szczeniaka mojej opieki.<\/p>\n\n\n\n<p>Wyra\u017cam zgod\u0119 na pomoc w znalezieniu nowego domu dla ka\u017cdego psa pochodz\u0105cego z mojej Hodowli, je\u015bli zajdzie taka potrzeba. Gwarantuj\u0119, \u017ce maj\u0105c \u015bwiadomo\u015b\u0107 zmiany domu, \u017caden pies pochodz\u0105cy z mojej hodowli nie trafi do schroniska.<\/p>\n\n\n\n<p>Nie b\u0119d\u0119 \u015bwiadomie ani celowo ukrywa\u0107 informacji medycznych lub bada\u0144 dotycz\u0105cych Suki\/Psa przy sprzeda\u017cy. Szczeni\u0119ta z wykryt\u0105 wad\u0105 lub odbiegaj\u0105ce wygl\u0105dem od za\u0142o\u017conego wzorca rasy oddam lub sprzedam po ni\u017cszej cenie i zapisz\u0119 stosowne zapisy w umowie.<\/p>\n\n\n\n<p>B\u0119d\u0119 prowadzi\u0107 pisemn\u0105 dokumentacj\u0119 potomstwa mojego stada hodowlanego i dokumentowa\u0107 wszelkie odnotowane lub zg\u0142oszone wady genetyczne. Nie b\u0119d\u0119 \u0142\u0105czy\u0107 w pary tych ps\u00f3w , kt\u00f3re wykazuj\u0105 powtarzaj\u0105ce si\u0119 wady.<\/p>\n\n\n\n<p>Wszystkie szczeni\u0119ta zostan\u0105 zbadane przez mojego lekarza weterynarii przed sprzeda\u017c\u0105 jako zwierz\u0119 domowe lub hodowlane i przedstawi\u0119 dow\u00f3d tego egzaminu nowemu w\u0142a\u015bcicielowi na jego pro\u015bb\u0119.<\/p>\n\n\n\n<p>Udzielam gwarancji na wady genetyczne do co najmniej 2 roku \u017cycia. Ode mnie zale\u017cy, czy zaoferuj\u0119 pomoc pieni\u0119\u017cn\u0105, czy zast\u0105pi\u0119 szczeniaka podobnym szczeniakiem. Minimalna pomoc pieni\u0119\u017cna wynosi 50% ceny zakupu szczeniaka.<\/p>\n\n\n\n<p>Nie gwarantuj\u0119 hipoalergicznych w\u0142a\u015bciwo\u015bci ani nie gubienia sier\u015bci \u017cadnemu klientowi.<\/p>\n\n\n\n<p>Dostarcz\u0119 ksi\u0105\u017ceczk\u0119 wszystkich szczepie\u0144, odrobacze\u0144 i opieki weterynaryjnej, a tak\u017ce \u015bwiadectwo rejestracji szczeniaka w PZHH z ka\u017cdym szczeniakiem, kt\u00f3ry opu\u015bci moj\u0105 hodowl\u0119.<\/p>\n\n\n\n<p>Zaszczepi\u0119 wszystkie szczeni\u0119ta w wieku od 6 do 8 tygodni zgodnie z minimalnymi wymaganymi. Wszystkie Szczeni\u0119ta b\u0119d\u0119 odrobaczane minimum 2 dwa razy przed uko\u0144czeniem 8 tygodnia \u017cycia.<\/p>\n\n\n\n<p>Nie b\u0119d\u0119 sprzedawa\u0142 szczeni\u0105 poza miejscem hodowli. Mam wyznaczane miejsce w hodowli gdzie przyjmuj\u0119 przysz\u0142ych w\u0142a\u015bcicieli szczeni\u0105t. Dostarczenie szczeniaka do klienta mo\u017ce odby\u0107 si\u0119 jedynie na jego pro\u015bb\u0119.<\/p>\n\n\n\n<p>Nie oddam \u017cadnego psa hodowlanego do schroniska. Znajd\u0119 odpowiedni dom dla zwierz\u0105t w razie potrzeby.<\/p>\n\n\n\n<p>Nie b\u0119d\u0119 krzy\u017cowa\u0107 \u017cadnego psa\/suki z spokrewnionym psem\/suk\u0105 w ci\u0105gu 3 pokole\u0144.<\/p>\n\n\n\n<p>Wybieram tylko pary hodowlane, kt\u00f3rych celem jest uzyskanie jak najlepszego zdrowia, budowy, temperamentu i sier\u015bci.<\/p>\n\n\n\n<p>O\u015bwiadczam, \u017ce moja hodowla jest zarejestrowana w Urz\u0119dzie Skarbowym i rozliczam si\u0119 corocznie z mojego stada hodowlanego.<\/p>\n\n\n\n<p>Jestem w\u0142a\u015bcicielem lub wsp\u00f3\u0142w\u0142a\u015bcicielem ps\u00f3w w mojej hodowli i mam prawo do wykorzystywania ich w moim programie hodowlanym.<\/p>\n\n\n\n<p>We wszystkich moich praktykach biznesowych b\u0119d\u0119 post\u0119powa\u0142 uczciwie oraz w spos\u00f3b profesjonalny i uprzejmy. B\u0119d\u0119 szanowa\u0107 wszystkich ludzi bez wzgl\u0119du na wiek, kultur\u0119, niepe\u0142nosprawno\u015b\u0107, p\u0142e\u0107, j\u0119zyk, pochodzenie rasowe, przekonania religijne i orientacj\u0119 seksualn\u0105.<\/p>\n\n\n\n<p>Zawsze b\u0119d\u0119 traktowa\u0142 moich koleg\u00f3w hodowc\u00f3w z szacunkiem i nie b\u0119d\u0119 celowo wyrz\u0105dza\u0107 im krzywdy.<\/p>\n\n\n\n<p>Podziel\u0119 si\u0119 swoj\u0105 wiedz\u0105 z innymi cz\u0142onkami i b\u0119d\u0119 wspiera\u0142 Zwi\u0105zek na rzecz promocji ras hybrydowych.<\/p>\n\n\n\n<p>B\u0119d\u0119 przestrzega\u0107 Regulamin\u00f3w i Kodeksu Etyki ustanowionych przez Zwi\u0105zek i zawsze b\u0119d\u0119 prowadzi\u0142 siebie w spos\u00f3b kt\u00f3ry b\u0119dzie korzystny dla Klubu, rasy i jej wizerunku. Nie b\u0119d\u0119 znies\u0142awia\u0107 innych Cz\u0142onkowie klubu.<\/p>\n\n\n\n<p>B\u0119d\u0119 utrzymywa\u0107 i uaktualnia\u0107 swoj\u0105 stron\u0119 internetow\u0105.<\/p>\n\n\n\n<p>B\u0119d\u0119 na bie\u017c\u0105co z post\u0119pami ps\u00f3w z mojej hodowli aby lepiej analizowa\u0107 m\u00f3j program.<\/p>\n\n\n\n<p>Rozumiem, \u017ce powa\u017cne naruszenia powy\u017cszego kodeksu w przypadku gdy zostan\u0105 uznane za szkodliwe dla rasy lub pojedynczego psa lub cz\u0142onka klubu mo\u017ce skutkowa\u0107 wydaleniem ze Zwi\u0105zku.<\/p>\n\n\n\n<p>Zobowi\u0105zuj\u0119 si\u0119 do przestrzegania <a href=\"https:\/\/pzhh.com.pl\/?page_id=99\" target=\"_blank\" rel=\"noreferrer noopener\"><strong>Regulaminu Stowarzyszenia <\/strong><\/a><\/p>\n\n\n\n<p><em>Przeczyta\u0142em i rozumiem wszystkie punkty Kodeksu Etyki i zgadzam si\u0119 post\u0119powa\u0107 zgodnie z nimi.<\/em><\/p>\n","protected":false},"excerpt":{"rendered":"<p>Sk\u0142adaj\u0105c wniosek o cz\u0142onkostwo lub odnowienie cz\u0142onkostwa, o\u015bwiadczam, ze: Przez ca\u0142y czas b\u0119d\u0119 zapewnia\u0107 wszystkim moim psom odpowiedni\u0105 opiek\u0119 w zakresie schronienia, pozywienia, wody, ruchu i opieki weterynaryjnej. JAKO HODOWCA [&hellip;]<\/p>\n","protected":false},"author":1,"featured_media":0,"parent":0,"menu_order":0,"comment_status":"closed","ping_status":"closed","template":"","meta":{"footnotes":""},"class_list":["post-59","page","type-page","status-publish","hentry"],"yoast_head":"<!-- This site is optimized with the Yoast SEO plugin v23.0 - https:\/\/yoast.com\/wordpress\/plugins\/seo\/ -->\n<title>Kodeks Etyki - POLSKI ZWI\u0104ZEK HODOWC\u00d3W HYBRYD<\/title>\n<meta name=\"robots\" content=\"index, follow, max-snippet:-1, max-image-preview:large, max-video-preview:-1\" \/>\n<link rel=\"canonical\" href=\"https:\/\/pzhh.com.pl\/?page_id=59\" \/>\n<meta property=\"og:locale\" content=\"pl_PL\" \/>\n<meta property=\"og:type\" content=\"article\" \/>\n<meta property=\"og:title\" content=\"Kodeks Etyki - POLSKI ZWI\u0104ZEK HODOWC\u00d3W HYBRYD\" \/>\n<meta property=\"og:description\" content=\"Sk\u0142adaj\u0105c wniosek o cz\u0142onkostwo lub odnowienie cz\u0142onkostwa, o\u015bwiadczam, ze: Przez ca\u0142y czas b\u0119d\u0119 zapewnia\u0107 wszystkim moim psom odpowiedni\u0105 opiek\u0119 w zakresie schronienia, pozywienia, wody, ruchu i opieki weterynaryjnej. JAKO HODOWCA [&hellip;]\" \/>\n<meta property=\"og:url\" content=\"https:\/\/pzhh.com.pl\/?page_id=59\" \/>\n<meta property=\"og:site_name\" content=\"POLSKI ZWI\u0104ZEK HODOWC\u00d3W HYBRYD\" \/>\n<meta property=\"article:modified_time\" content=\"2023-12-15T20:58:50+00:00\" \/>\n<meta name=\"twitter:card\" content=\"summary_large_image\" \/>\n<meta name=\"twitter:label1\" content=\"Szacowany czas czytania\" \/>\n\t<meta name=\"twitter:data1\" content=\"5 minut\" \/>\n<script type=\"application\/ld+json\" class=\"yoast-schema-graph\">{\"@context\":\"https:\/\/schema.org\",\"@graph\":[{\"@type\":\"WebPage\",\"@id\":\"https:\/\/pzhh.com.pl\/?page_id=59\",\"url\":\"https:\/\/pzhh.com.pl\/?page_id=59\",\"name\":\"Kodeks Etyki - POLSKI ZWI\u0104ZEK HODOWC\u00d3W HYBRYD\",\"isPartOf\":{\"@id\":\"https:\/\/pzhh.com.pl\/#website\"},\"datePublished\":\"2023-08-07T10:11:08+00:00\",\"dateModified\":\"2023-12-15T20:58:50+00:00\",\"breadcrumb\":{\"@id\":\"https:\/\/pzhh.com.pl\/?page_id=59#breadcrumb\"},\"inLanguage\":\"pl-PL\",\"potentialAction\":[{\"@type\":\"ReadAction\",\"target\":[\"https:\/\/pzhh.com.pl\/?page_id=59\"]}]},{\"@type\":\"BreadcrumbList\",\"@id\":\"https:\/\/pzhh.com.pl\/?page_id=59#breadcrumb\",\"itemListElement\":[{\"@type\":\"ListItem\",\"position\":1,\"name\":\"Strona g\u0142\u00f3wna\",\"item\":\"https:\/\/pzhh.com.pl\/\"},{\"@type\":\"ListItem\",\"position\":2,\"name\":\"Kodeks Etyki\"}]},{\"@type\":\"WebSite\",\"@id\":\"https:\/\/pzhh.com.pl\/#website\",\"url\":\"https:\/\/pzhh.com.pl\/\",\"name\":\"POLSKI ZWI\u0104ZEK HODOWC\u00d3W HYBRYD\",\"description\":\"&quot;Bo dobro psa jest dla nas najwa\u017cniejsze&quot;\",\"publisher\":{\"@id\":\"https:\/\/pzhh.com.pl\/#organization\"},\"potentialAction\":[{\"@type\":\"SearchAction\",\"target\":{\"@type\":\"EntryPoint\",\"urlTemplate\":\"https:\/\/pzhh.com.pl\/?s={search_term_string}\"},\"query-input\":\"required name=search_term_string\"}],\"inLanguage\":\"pl-PL\"},{\"@type\":\"Organization\",\"@id\":\"https:\/\/pzhh.com.pl\/#organization\",\"name\":\"POLSKI ZWI\u0104ZEK HODOWC\u00d3W HYBRYD\",\"url\":\"https:\/\/pzhh.com.pl\/\",\"logo\":{\"@type\":\"ImageObject\",\"inLanguage\":\"pl-PL\",\"@id\":\"https:\/\/pzhh.com.pl\/#\/schema\/logo\/image\/\",\"url\":\"https:\/\/pzhh.com.pl\/wp-content\/uploads\/2023\/07\/cropped-logo-12.png\",\"contentUrl\":\"https:\/\/pzhh.com.pl\/wp-content\/uploads\/2023\/07\/cropped-logo-12.png\",\"width\":826,\"height\":206,\"caption\":\"POLSKI ZWI\u0104ZEK HODOWC\u00d3W HYBRYD\"},\"image\":{\"@id\":\"https:\/\/pzhh.com.pl\/#\/schema\/logo\/image\/\"}}]}<\/script>\n<!-- \/ Yoast SEO plugin. -->","yoast_head_json":{"title":"Kodeks Etyki - POLSKI ZWI\u0104ZEK HODOWC\u00d3W HYBRYD","robots":{"index":"index","follow":"follow","max-snippet":"max-snippet:-1","max-image-preview":"max-image-preview:large","max-video-preview":"max-video-preview:-1"},"canonical":"https:\/\/pzhh.com.pl\/?page_id=59","og_locale":"pl_PL","og_type":"article","og_title":"Kodeks Etyki - POLSKI ZWI\u0104ZEK HODOWC\u00d3W HYBRYD","og_description":"Sk\u0142adaj\u0105c wniosek o cz\u0142onkostwo lub odnowienie cz\u0142onkostwa, o\u015bwiadczam, ze: Przez ca\u0142y czas b\u0119d\u0119 zapewnia\u0107 wszystkim moim psom odpowiedni\u0105 opiek\u0119 w zakresie schronienia, pozywienia, wody, ruchu i opieki weterynaryjnej. JAKO HODOWCA [&hellip;]","og_url":"https:\/\/pzhh.com.pl\/?page_id=59","og_site_name":"POLSKI ZWI\u0104ZEK HODOWC\u00d3W HYBRYD","article_modified_time":"2023-12-15T20:58:50+00:00","twitter_card":"summary_large_image","twitter_misc":{"Szacowany czas czytania":"5 minut"},"schema":{"@context":"https:\/\/schema.org","@graph":[{"@type":"WebPage","@id":"https:\/\/pzhh.com.pl\/?page_id=59","url":"https:\/\/pzhh.com.pl\/?page_id=59","name":"Kodeks Etyki - POLSKI ZWI\u0104ZEK HODOWC\u00d3W HYBRYD","isPartOf":{"@id":"https:\/\/pzhh.com.pl\/#website"},"datePublished":"2023-08-07T10:11:08+00:00","dateModified":"2023-12-15T20:58:50+00:00","breadcrumb":{"@id":"https:\/\/pzhh.com.pl\/?page_id=59#breadcrumb"},"inLanguage":"pl-PL","potentialAction":[{"@type":"ReadAction","target":["https:\/\/pzhh.com.pl\/?page_id=59"]}]},{"@type":"BreadcrumbList","@id":"https:\/\/pzhh.com.pl\/?page_id=59#breadcrumb","itemListElement":[{"@type":"ListItem","position":1,"name":"Strona g\u0142\u00f3wna","item":"https:\/\/pzhh.com.pl\/"},{"@type":"ListItem","position":2,"name":"Kodeks Etyki"}]},{"@type":"WebSite","@id":"https:\/\/pzhh.com.pl\/#website","url":"https:\/\/pzhh.com.pl\/","name":"POLSKI ZWI\u0104ZEK HODOWC\u00d3W HYBRYD","description":"&quot;Bo dobro psa jest dla nas najwa\u017cniejsze&quot;","publisher":{"@id":"https:\/\/pzhh.com.pl\/#organization"},"potentialAction":[{"@type":"SearchAction","target":{"@type":"EntryPoint","urlTemplate":"https:\/\/pzhh.com.pl\/?s={search_term_string}"},"query-input":"required name=search_term_string"}],"inLanguage":"pl-PL"},{"@type":"Organization","@id":"https:\/\/pzhh.com.pl\/#organization","name":"POLSKI ZWI\u0104ZEK HODOWC\u00d3W HYBRYD","url":"https:\/\/pzhh.com.pl\/","logo":{"@type":"ImageObject","inLanguage":"pl-PL","@id":"https:\/\/pzhh.com.pl\/#\/schema\/logo\/image\/","url":"https:\/\/pzhh.com.pl\/wp-content\/uploads\/2023\/07\/cropped-logo-12.png","contentUrl":"https:\/\/pzhh.com.pl\/wp-content\/uploads\/2023\/07\/cropped-logo-12.png","width":826,"height":206,"caption":"POLSKI ZWI\u0104ZEK HODOWC\u00d3W HYBRYD"},"image":{"@id":"https:\/\/pzhh.com.pl\/#\/schema\/logo\/image\/"}}]}},"jetpack_sharing_enabled":true,"_links":{"self":[{"href":"https:\/\/pzhh.com.pl\/index.php?rest_route=\/wp\/v2\/pages\/59","targetHints":{"allow":["GET"]}}],"collection":[{"href":"https:\/\/pzhh.com.pl\/index.php?rest_route=\/wp\/v2\/pages"}],"about":[{"href":"https:\/\/pzhh.com.pl\/index.php?rest_route=\/wp\/v2\/types\/page"}],"author":[{"embeddable":true,"href":"https:\/\/pzhh.com.pl\/index.php?rest_route=\/wp\/v2\/users\/1"}],"replies":[{"embeddable":true,"href":"https:\/\/pzhh.com.pl\/index.php?rest_route=%2Fwp%2Fv2%2Fcomments&post=59"}],"version-history":[{"count":4,"href":"https:\/\/pzhh.com.pl\/index.php?rest_route=\/wp\/v2\/pages\/59\/revisions"}],"predecessor-version":[{"id":239,"href":"https:\/\/pzhh.com.pl\/index.php?rest_route=\/wp\/v2\/pages\/59\/revisions\/239"}],"wp:attachment":[{"href":"https:\/\/pzhh.com.pl\/index.php?rest_route=%2Fwp%2Fv2%2Fmedia&parent=59"}],"curies":[{"name":"wp","href":"https:\/\/api.w.org\/{rel}","templated":true}]}}