{"id":60,"date":"2023-08-07T10:11:08","date_gmt":"2023-08-07T10:11:08","guid":{"rendered":"https:\/\/pzhh.com.pl\/?page_id=60"},"modified":"2023-08-07T19:22:27","modified_gmt":"2023-08-07T19:22:27","slug":"dolacz-do-nas","status":"publish","type":"page","link":"https:\/\/pzhh.com.pl\/?page_id=60","title":{"rendered":"Do\u0142\u0105cz do Nas"},"content":{"rendered":"\n<p>Od Wszystkich naszych hodowc\u00f3w wymagamy szczeg\u00f3\u0142owych danych dotycz\u0105cych ich plan\u00f3w hodowlanych . Zale\u017cy nam przed wszystkim na \u015bwiadomym i w pe\u0142ni kontrolowanym prowadzeniu hodowli. Chcemy lepiej si\u0119 pozna\u0107 nawzajem i wsp\u00f3lnie zdecydowa\u0107, czy Twoja kandydatura jest na odpowiednim poziomie a Twoje stado mo\u017ce by\u0107 zarejestrowane w naszej bazie. <\/p>\n\n\n\n<p>Pierwszym krokiem jest wype\u0142nienie formularza, kt\u00f3ry pozwoli nam rozpatrzy\u0107 twoj\u0105 aplikacj\u0119. W kolejnym kroku poinformujemy ci\u0119 mailowo o naszej decyzji i ewentualnie poprosimy o uzupe\u0142nienie informacji lub zadamy dodatkowe pytania. <\/p>\n\n\n\n<p>W ka\u017cdej chwili mo\u017cesz skontaktowa\u0107 si\u0119 z nami. <\/p>\n\n\n\n<div class=\"wp-block-buttons is-layout-flex wp-block-buttons-is-layout-flex\">\n<div class=\"wp-block-button\"><a class=\"wp-block-button__link wp-element-button\" href=\"https:\/\/form.jotform.com\/231843035658358\" target=\"_blank\" rel=\"noreferrer noopener\">formularz zg\u0142oszeniowy <\/a><\/div>\n<\/div>\n\n\n\n<p><\/p>\n","protected":false},"excerpt":{"rendered":"<p>Od Wszystkich naszych hodowc\u00f3w wymagamy szczeg\u00f3\u0142owych danych dotycz\u0105cych ich plan\u00f3w hodowlanych . Zale\u017cy nam przed wszystkim na \u015bwiadomym i w pe\u0142ni kontrolowanym prowadzeniu hodowli. Chcemy lepiej si\u0119 pozna\u0107 nawzajem i [&hellip;]<\/p>\n","protected":false},"author":1,"featured_media":0,"parent":0,"menu_order":0,"comment_status":"closed","ping_status":"closed","template":"","meta":{"footnotes":""},"class_list":["post-60","page","type-page","status-publish","hentry"],"yoast_head":"<!-- This site is optimized with the Yoast SEO plugin v23.0 - https:\/\/yoast.com\/wordpress\/plugins\/seo\/ -->\n<title>Do\u0142\u0105cz do Nas - POLSKI ZWI\u0104ZEK HODOWC\u00d3W HYBRYD<\/title>\n<meta name=\"robots\" content=\"index, follow, max-snippet:-1, max-image-preview:large, max-video-preview:-1\" \/>\n<link rel=\"canonical\" href=\"https:\/\/pzhh.com.pl\/?page_id=60\" \/>\n<meta property=\"og:locale\" content=\"pl_PL\" \/>\n<meta property=\"og:type\" content=\"article\" \/>\n<meta property=\"og:title\" content=\"Do\u0142\u0105cz do Nas - POLSKI ZWI\u0104ZEK HODOWC\u00d3W HYBRYD\" \/>\n<meta property=\"og:description\" content=\"Od Wszystkich naszych hodowc\u00f3w wymagamy szczeg\u00f3\u0142owych danych dotycz\u0105cych ich plan\u00f3w hodowlanych . Zale\u017cy nam przed wszystkim na \u015bwiadomym i w pe\u0142ni kontrolowanym prowadzeniu hodowli. Chcemy lepiej si\u0119 pozna\u0107 nawzajem i [&hellip;]\" \/>\n<meta property=\"og:url\" content=\"https:\/\/pzhh.com.pl\/?page_id=60\" \/>\n<meta property=\"og:site_name\" content=\"POLSKI ZWI\u0104ZEK HODOWC\u00d3W HYBRYD\" \/>\n<meta property=\"article:modified_time\" content=\"2023-08-07T19:22:27+00:00\" \/>\n<meta name=\"twitter:card\" content=\"summary_large_image\" \/>\n<meta name=\"twitter:label1\" content=\"Szacowany czas czytania\" \/>\n\t<meta name=\"twitter:data1\" content=\"1 minuta\" \/>\n<script type=\"application\/ld+json\" class=\"yoast-schema-graph\">{\"@context\":\"https:\/\/schema.org\",\"@graph\":[{\"@type\":\"WebPage\",\"@id\":\"https:\/\/pzhh.com.pl\/?page_id=60\",\"url\":\"https:\/\/pzhh.com.pl\/?page_id=60\",\"name\":\"Do\u0142\u0105cz do Nas - POLSKI ZWI\u0104ZEK HODOWC\u00d3W HYBRYD\",\"isPartOf\":{\"@id\":\"https:\/\/pzhh.com.pl\/#website\"},\"datePublished\":\"2023-08-07T10:11:08+00:00\",\"dateModified\":\"2023-08-07T19:22:27+00:00\",\"breadcrumb\":{\"@id\":\"https:\/\/pzhh.com.pl\/?page_id=60#breadcrumb\"},\"inLanguage\":\"pl-PL\",\"potentialAction\":[{\"@type\":\"ReadAction\",\"target\":[\"https:\/\/pzhh.com.pl\/?page_id=60\"]}]},{\"@type\":\"BreadcrumbList\",\"@id\":\"https:\/\/pzhh.com.pl\/?page_id=60#breadcrumb\",\"itemListElement\":[{\"@type\":\"ListItem\",\"position\":1,\"name\":\"Strona g\u0142\u00f3wna\",\"item\":\"https:\/\/pzhh.com.pl\/\"},{\"@type\":\"ListItem\",\"position\":2,\"name\":\"Do\u0142\u0105cz do Nas\"}]},{\"@type\":\"WebSite\",\"@id\":\"https:\/\/pzhh.com.pl\/#website\",\"url\":\"https:\/\/pzhh.com.pl\/\",\"name\":\"POLSKI ZWI\u0104ZEK HODOWC\u00d3W HYBRYD\",\"description\":\"&quot;Bo dobro psa jest dla nas najwa\u017cniejsze&quot;\",\"publisher\":{\"@id\":\"https:\/\/pzhh.com.pl\/#organization\"},\"potentialAction\":[{\"@type\":\"SearchAction\",\"target\":{\"@type\":\"EntryPoint\",\"urlTemplate\":\"https:\/\/pzhh.com.pl\/?s={search_term_string}\"},\"query-input\":\"required name=search_term_string\"}],\"inLanguage\":\"pl-PL\"},{\"@type\":\"Organization\",\"@id\":\"https:\/\/pzhh.com.pl\/#organization\",\"name\":\"POLSKI ZWI\u0104ZEK HODOWC\u00d3W HYBRYD\",\"url\":\"https:\/\/pzhh.com.pl\/\",\"logo\":{\"@type\":\"ImageObject\",\"inLanguage\":\"pl-PL\",\"@id\":\"https:\/\/pzhh.com.pl\/#\/schema\/logo\/image\/\",\"url\":\"https:\/\/pzhh.com.pl\/wp-content\/uploads\/2023\/07\/cropped-logo-12.png\",\"contentUrl\":\"https:\/\/pzhh.com.pl\/wp-content\/uploads\/2023\/07\/cropped-logo-12.png\",\"width\":826,\"height\":206,\"caption\":\"POLSKI ZWI\u0104ZEK HODOWC\u00d3W HYBRYD\"},\"image\":{\"@id\":\"https:\/\/pzhh.com.pl\/#\/schema\/logo\/image\/\"}}]}<\/script>\n<!-- \/ Yoast SEO plugin. -->","yoast_head_json":{"title":"Do\u0142\u0105cz do Nas - POLSKI ZWI\u0104ZEK HODOWC\u00d3W HYBRYD","robots":{"index":"index","follow":"follow","max-snippet":"max-snippet:-1","max-image-preview":"max-image-preview:large","max-video-preview":"max-video-preview:-1"},"canonical":"https:\/\/pzhh.com.pl\/?page_id=60","og_locale":"pl_PL","og_type":"article","og_title":"Do\u0142\u0105cz do Nas - POLSKI ZWI\u0104ZEK HODOWC\u00d3W HYBRYD","og_description":"Od Wszystkich naszych hodowc\u00f3w wymagamy szczeg\u00f3\u0142owych danych dotycz\u0105cych ich plan\u00f3w hodowlanych . Zale\u017cy nam przed wszystkim na \u015bwiadomym i w pe\u0142ni kontrolowanym prowadzeniu hodowli. Chcemy lepiej si\u0119 pozna\u0107 nawzajem i [&hellip;]","og_url":"https:\/\/pzhh.com.pl\/?page_id=60","og_site_name":"POLSKI ZWI\u0104ZEK HODOWC\u00d3W HYBRYD","article_modified_time":"2023-08-07T19:22:27+00:00","twitter_card":"summary_large_image","twitter_misc":{"Szacowany czas czytania":"1 minuta"},"schema":{"@context":"https:\/\/schema.org","@graph":[{"@type":"WebPage","@id":"https:\/\/pzhh.com.pl\/?page_id=60","url":"https:\/\/pzhh.com.pl\/?page_id=60","name":"Do\u0142\u0105cz do Nas - POLSKI ZWI\u0104ZEK HODOWC\u00d3W HYBRYD","isPartOf":{"@id":"https:\/\/pzhh.com.pl\/#website"},"datePublished":"2023-08-07T10:11:08+00:00","dateModified":"2023-08-07T19:22:27+00:00","breadcrumb":{"@id":"https:\/\/pzhh.com.pl\/?page_id=60#breadcrumb"},"inLanguage":"pl-PL","potentialAction":[{"@type":"ReadAction","target":["https:\/\/pzhh.com.pl\/?page_id=60"]}]},{"@type":"BreadcrumbList","@id":"https:\/\/pzhh.com.pl\/?page_id=60#breadcrumb","itemListElement":[{"@type":"ListItem","position":1,"name":"Strona g\u0142\u00f3wna","item":"https:\/\/pzhh.com.pl\/"},{"@type":"ListItem","position":2,"name":"Do\u0142\u0105cz do Nas"}]},{"@type":"WebSite","@id":"https:\/\/pzhh.com.pl\/#website","url":"https:\/\/pzhh.com.pl\/","name":"POLSKI ZWI\u0104ZEK HODOWC\u00d3W HYBRYD","description":"&quot;Bo dobro psa jest dla nas najwa\u017cniejsze&quot;","publisher":{"@id":"https:\/\/pzhh.com.pl\/#organization"},"potentialAction":[{"@type":"SearchAction","target":{"@type":"EntryPoint","urlTemplate":"https:\/\/pzhh.com.pl\/?s={search_term_string}"},"query-input":"required name=search_term_string"}],"inLanguage":"pl-PL"},{"@type":"Organization","@id":"https:\/\/pzhh.com.pl\/#organization","name":"POLSKI ZWI\u0104ZEK HODOWC\u00d3W HYBRYD","url":"https:\/\/pzhh.com.pl\/","logo":{"@type":"ImageObject","inLanguage":"pl-PL","@id":"https:\/\/pzhh.com.pl\/#\/schema\/logo\/image\/","url":"https:\/\/pzhh.com.pl\/wp-content\/uploads\/2023\/07\/cropped-logo-12.png","contentUrl":"https:\/\/pzhh.com.pl\/wp-content\/uploads\/2023\/07\/cropped-logo-12.png","width":826,"height":206,"caption":"POLSKI ZWI\u0104ZEK HODOWC\u00d3W HYBRYD"},"image":{"@id":"https:\/\/pzhh.com.pl\/#\/schema\/logo\/image\/"}}]}},"jetpack_sharing_enabled":true,"_links":{"self":[{"href":"https:\/\/pzhh.com.pl\/index.php?rest_route=\/wp\/v2\/pages\/60","targetHints":{"allow":["GET"]}}],"collection":[{"href":"https:\/\/pzhh.com.pl\/index.php?rest_route=\/wp\/v2\/pages"}],"about":[{"href":"https:\/\/pzhh.com.pl\/index.php?rest_route=\/wp\/v2\/types\/page"}],"author":[{"embeddable":true,"href":"https:\/\/pzhh.com.pl\/index.php?rest_route=\/wp\/v2\/users\/1"}],"replies":[{"embeddable":true,"href":"https:\/\/pzhh.com.pl\/index.php?rest_route=%2Fwp%2Fv2%2Fcomments&post=60"}],"version-history":[{"count":3,"href":"https:\/\/pzhh.com.pl\/index.php?rest_route=\/wp\/v2\/pages\/60\/revisions"}],"predecessor-version":[{"id":103,"href":"https:\/\/pzhh.com.pl\/index.php?rest_route=\/wp\/v2\/pages\/60\/revisions\/103"}],"wp:attachment":[{"href":"https:\/\/pzhh.com.pl\/index.php?rest_route=%2Fwp%2Fv2%2Fmedia&parent=60"}],"curies":[{"name":"wp","href":"https:\/\/api.w.org\/{rel}","templated":true}]}}