{"id":74,"date":"2023-08-07T10:18:02","date_gmt":"2023-08-07T10:18:02","guid":{"rendered":"https:\/\/pzhh.com.pl\/?page_id=74"},"modified":"2025-01-23T19:31:14","modified_gmt":"2025-01-23T19:31:14","slug":"o-nas","status":"publish","type":"page","link":"https:\/\/pzhh.com.pl\/","title":{"rendered":"O Nas"},"content":{"rendered":"\t\t<div data-elementor-type=\"wp-page\" data-elementor-id=\"74\" class=\"elementor elementor-74\">\n\t\t\t\t\t\t<section class=\"elementor-section elementor-top-section elementor-element elementor-element-41d4b006 elementor-section-boxed elementor-section-height-default elementor-section-height-default\" data-id=\"41d4b006\" data-element_type=\"section\">\n\t\t\t\t\t\t<div class=\"elementor-container elementor-column-gap-default\">\n\t\t\t\t\t<div class=\"elementor-column elementor-col-100 elementor-top-column elementor-element elementor-element-ddf3041\" data-id=\"ddf3041\" data-element_type=\"column\">\n\t\t\t<div class=\"elementor-widget-wrap elementor-element-populated\">\n\t\t\t\t\t\t<div class=\"elementor-element elementor-element-633a421e elementor-widget elementor-widget-text-editor\" data-id=\"633a421e\" data-element_type=\"widget\" data-widget_type=\"text-editor.default\">\n\t\t\t\t<div class=\"elementor-widget-container\">\n\t\t\t<style>\/*! elementor - v3.22.0 - 26-06-2024 *\/\n.elementor-widget-text-editor.elementor-drop-cap-view-stacked .elementor-drop-cap{background-color:#69727d;color:#fff}.elementor-widget-text-editor.elementor-drop-cap-view-framed .elementor-drop-cap{color:#69727d;border:3px solid;background-color:transparent}.elementor-widget-text-editor:not(.elementor-drop-cap-view-default) .elementor-drop-cap{margin-top:8px}.elementor-widget-text-editor:not(.elementor-drop-cap-view-default) .elementor-drop-cap-letter{width:1em;height:1em}.elementor-widget-text-editor .elementor-drop-cap{float:left;text-align:center;line-height:1;font-size:50px}.elementor-widget-text-editor .elementor-drop-cap-letter{display:inline-block}<\/style>\t\t\t\t<p><!-- wp:paragraph --><\/p>\n<p><strong>Zaanga\u017cowani w przysz\u0142o\u015b\u0107 ras hybrydowych<\/strong><\/p>\n<p><!-- \/wp:paragraph --><\/p>\n<p><!-- wp:paragraph --><\/p>\n<p>PZHH jest jednym z klub\u00f3w Polsce , kt\u00f3re zrzesza najlepszych hodowc\u00f3w hybryd. Od naszych hodowc\u00f3w wymagamy udokumentowania pochodzenia swoich ps\u00f3w jak r\u00f3wnie\u017c obowi\u0105zkowo sprawdzamy badania na charakterystyczne dla danej rasy choroby. Dodatkowo hodowcy s\u0105 weryfikowani na podstawie przes\u0142anego do nas formularza i zdj\u0119\u0107. Musz\u0105 udowodni\u0107, \u017ce stosuj\u0105 si\u0119 do naszego\u00a0<a href=\"https:\/\/pzhh.com.pl\/?page_id=59\" target=\"_blank\" rel=\"noopener\">Kodeksu Etyki<\/a>\u00a0oraz wys\u0142a\u0107 \u015bwiadectwa zdrowia swoich ps\u00f3w. Tworzymy baz\u0119 danych w celu udokumentowania pochodzenia\u00a0 ps\u00f3w i ich rodowod\u00f3w. Zale\u017cy nam , \u017ceby ka\u017cdy kupuj\u0105cy psa od naszego hodowcy czu\u0142 si\u0119 w pe\u0142ni bezpieczny. Nasi hodowcy bior\u0105 odpowiedzialno\u015b\u0107 za ka\u017cdego wydanego szczeniaka i gwarantuj\u0105, \u017ce \u017caden nigdy nie trafi do schroniska.<\/p>\n<p><!-- \/wp:paragraph --><\/p>\n<p><!-- wp:paragraph --><\/p>\n<p>G\u0142\u00f3wnym celem naszego Zwi\u0105zku jest promowanie i kierowanie rozwojem ras hybrydowych w spos\u00f3b nie zagra\u017caj\u0105cy ich zdrowiu. Stworzony <a href=\"https:\/\/pzhh.com.pl\/?page_id=59\">Kodes Etyk<\/a>i oraz Wymagane Badania Zdrowotne zosta\u0142y stworzone po to aby zapewni\u0107, \u017ce nasi hodowcy d\u0105\u017c\u0105 do wsp\u00f3lnego celu \u2013 ustandaryzowaniu ras hybrydowych.<\/p>\n<p><!-- \/wp:paragraph --><\/p>\t\t\t\t\t\t<\/div>\n\t\t\t\t<\/div>\n\t\t\t\t\t<\/div>\n\t\t<\/div>\n\t\t\t\t\t<\/div>\n\t\t<\/section>\n\t\t\t\t<\/div>\n\t\t","protected":false},"excerpt":{"rendered":"<p>Zaanga\u017cowani w przysz\u0142o\u015b\u0107 ras hybrydowych PZHH jest jednym z klub\u00f3w Polsce , kt\u00f3re zrzesza najlepszych hodowc\u00f3w hybryd. Od naszych hodowc\u00f3w wymagamy udokumentowania pochodzenia swoich ps\u00f3w jak r\u00f3wnie\u017c obowi\u0105zkowo sprawdzamy badania [&hellip;]<\/p>\n","protected":false},"author":1,"featured_media":0,"parent":0,"menu_order":0,"comment_status":"closed","ping_status":"closed","template":"","meta":{"footnotes":""},"class_list":["post-74","page","type-page","status-publish","hentry"],"yoast_head":"<!-- This site is optimized with the Yoast SEO plugin v23.0 - https:\/\/yoast.com\/wordpress\/plugins\/seo\/ -->\n<title>O Nas - POLSKI ZWI\u0104ZEK HODOWC\u00d3W HYBRYD<\/title>\n<meta name=\"description\" content=\"PZHH jest jednym z klub\u00f3w Polsce , kt\u00f3re zrzesza najlepszych hodowc\u00f3w hybryd. Od naszych hodowc\u00f3w wymagamy udokumentowania pochodzenia swoich ps\u00f3w jak r\u00f3wnie\u017c obowi\u0105zkowo sprawdzamy badania na charakterystyczne dla danej rasy choroby. Musz\u0105 udowodni\u0107, \u017ce stosuj\u0105 si\u0119 do naszego Kodeksu Etyki oraz wys\u0142a\u0107 \u015bwiadectwa zdrowia swoich ps\u00f3w. Nasi hodowcy bior\u0105 odpowiedzialno\u015b\u0107 za ka\u017cdego wydanego szczeniaka i gwarantuj\u0105, \u017ce \u017caden nigdy nie trafi do schroniska. G\u0142\u00f3wnym celem naszego Zwi\u0105zku jest promowanie i kierowanie rozwojem ras hybrydowych w spos\u00f3b nie zagra\u017caj\u0105cy ich zdrowiu. Stworzony Kodes Etyki oraz Wymagane Badania Zdrowotne zosta\u0142y stworzone po to aby zapewni\u0107, \u017ce nasi hodowcy d\u0105\u017c\u0105 do wsp\u00f3lnego celu \u2013 ustandaryzowaniu ras hybrydowych .\" \/>\n<meta name=\"robots\" content=\"index, follow, max-snippet:-1, max-image-preview:large, max-video-preview:-1\" \/>\n<link rel=\"canonical\" href=\"https:\/\/pzhh.com.pl\/\" \/>\n<meta property=\"og:locale\" content=\"pl_PL\" \/>\n<meta property=\"og:type\" content=\"article\" \/>\n<meta property=\"og:title\" content=\"O Nas - POLSKI ZWI\u0104ZEK HODOWC\u00d3W HYBRYD\" \/>\n<meta property=\"og:description\" content=\"PZHH jest jednym z klub\u00f3w Polsce , kt\u00f3re zrzesza najlepszych hodowc\u00f3w hybryd. Od naszych hodowc\u00f3w wymagamy udokumentowania pochodzenia swoich ps\u00f3w jak r\u00f3wnie\u017c obowi\u0105zkowo sprawdzamy badania na charakterystyczne dla danej rasy choroby. Musz\u0105 udowodni\u0107, \u017ce stosuj\u0105 si\u0119 do naszego Kodeksu Etyki oraz wys\u0142a\u0107 \u015bwiadectwa zdrowia swoich ps\u00f3w. Nasi hodowcy bior\u0105 odpowiedzialno\u015b\u0107 za ka\u017cdego wydanego szczeniaka i gwarantuj\u0105, \u017ce \u017caden nigdy nie trafi do schroniska. G\u0142\u00f3wnym celem naszego Zwi\u0105zku jest promowanie i kierowanie rozwojem ras hybrydowych w spos\u00f3b nie zagra\u017caj\u0105cy ich zdrowiu. Stworzony Kodes Etyki oraz Wymagane Badania Zdrowotne zosta\u0142y stworzone po to aby zapewni\u0107, \u017ce nasi hodowcy d\u0105\u017c\u0105 do wsp\u00f3lnego celu \u2013 ustandaryzowaniu ras hybrydowych .\" \/>\n<meta property=\"og:url\" content=\"https:\/\/pzhh.com.pl\/\" \/>\n<meta property=\"og:site_name\" content=\"POLSKI ZWI\u0104ZEK HODOWC\u00d3W HYBRYD\" \/>\n<meta property=\"article:modified_time\" content=\"2025-01-23T19:31:14+00:00\" \/>\n<meta name=\"twitter:card\" content=\"summary_large_image\" \/>\n<meta name=\"twitter:label1\" content=\"Szacowany czas czytania\" \/>\n\t<meta name=\"twitter:data1\" content=\"1 minuta\" \/>\n<script type=\"application\/ld+json\" class=\"yoast-schema-graph\">{\"@context\":\"https:\/\/schema.org\",\"@graph\":[{\"@type\":\"WebPage\",\"@id\":\"https:\/\/pzhh.com.pl\/\",\"url\":\"https:\/\/pzhh.com.pl\/\",\"name\":\"O Nas - POLSKI ZWI\u0104ZEK HODOWC\u00d3W HYBRYD\",\"isPartOf\":{\"@id\":\"https:\/\/pzhh.com.pl\/#website\"},\"datePublished\":\"2023-08-07T10:18:02+00:00\",\"dateModified\":\"2025-01-23T19:31:14+00:00\",\"description\":\"PZHH jest jednym z klub\u00f3w Polsce , kt\u00f3re zrzesza najlepszych hodowc\u00f3w hybryd. Od naszych hodowc\u00f3w wymagamy udokumentowania pochodzenia swoich ps\u00f3w jak r\u00f3wnie\u017c obowi\u0105zkowo sprawdzamy badania na charakterystyczne dla danej rasy choroby. Musz\u0105 udowodni\u0107, \u017ce stosuj\u0105 si\u0119 do naszego Kodeksu Etyki oraz wys\u0142a\u0107 \u015bwiadectwa zdrowia swoich ps\u00f3w. Nasi hodowcy bior\u0105 odpowiedzialno\u015b\u0107 za ka\u017cdego wydanego szczeniaka i gwarantuj\u0105, \u017ce \u017caden nigdy nie trafi do schroniska. G\u0142\u00f3wnym celem naszego Zwi\u0105zku jest promowanie i kierowanie rozwojem ras hybrydowych w spos\u00f3b nie zagra\u017caj\u0105cy ich zdrowiu. Stworzony Kodes Etyki oraz Wymagane Badania Zdrowotne zosta\u0142y stworzone po to aby zapewni\u0107, \u017ce nasi hodowcy d\u0105\u017c\u0105 do wsp\u00f3lnego celu \u2013 ustandaryzowaniu ras hybrydowych .\",\"breadcrumb\":{\"@id\":\"https:\/\/pzhh.com.pl\/#breadcrumb\"},\"inLanguage\":\"pl-PL\",\"potentialAction\":[{\"@type\":\"ReadAction\",\"target\":[\"https:\/\/pzhh.com.pl\/\"]}]},{\"@type\":\"BreadcrumbList\",\"@id\":\"https:\/\/pzhh.com.pl\/#breadcrumb\",\"itemListElement\":[{\"@type\":\"ListItem\",\"position\":1,\"name\":\"Strona g\u0142\u00f3wna\",\"item\":\"https:\/\/pzhh.com.pl\/\"},{\"@type\":\"ListItem\",\"position\":2,\"name\":\"O Nas\"}]},{\"@type\":\"WebSite\",\"@id\":\"https:\/\/pzhh.com.pl\/#website\",\"url\":\"https:\/\/pzhh.com.pl\/\",\"name\":\"POLSKI ZWI\u0104ZEK HODOWC\u00d3W HYBRYD\",\"description\":\"&quot;Bo dobro psa jest dla nas najwa\u017cniejsze&quot;\",\"publisher\":{\"@id\":\"https:\/\/pzhh.com.pl\/#organization\"},\"potentialAction\":[{\"@type\":\"SearchAction\",\"target\":{\"@type\":\"EntryPoint\",\"urlTemplate\":\"https:\/\/pzhh.com.pl\/?s={search_term_string}\"},\"query-input\":\"required name=search_term_string\"}],\"inLanguage\":\"pl-PL\"},{\"@type\":\"Organization\",\"@id\":\"https:\/\/pzhh.com.pl\/#organization\",\"name\":\"POLSKI ZWI\u0104ZEK HODOWC\u00d3W HYBRYD\",\"url\":\"https:\/\/pzhh.com.pl\/\",\"logo\":{\"@type\":\"ImageObject\",\"inLanguage\":\"pl-PL\",\"@id\":\"https:\/\/pzhh.com.pl\/#\/schema\/logo\/image\/\",\"url\":\"https:\/\/pzhh.com.pl\/wp-content\/uploads\/2023\/07\/cropped-logo-12.png\",\"contentUrl\":\"https:\/\/pzhh.com.pl\/wp-content\/uploads\/2023\/07\/cropped-logo-12.png\",\"width\":826,\"height\":206,\"caption\":\"POLSKI ZWI\u0104ZEK HODOWC\u00d3W HYBRYD\"},\"image\":{\"@id\":\"https:\/\/pzhh.com.pl\/#\/schema\/logo\/image\/\"}}]}<\/script>\n<!-- \/ Yoast SEO plugin. -->","yoast_head_json":{"title":"O Nas - POLSKI ZWI\u0104ZEK HODOWC\u00d3W HYBRYD","description":"PZHH jest jednym z klub\u00f3w Polsce , kt\u00f3re zrzesza najlepszych hodowc\u00f3w hybryd. Od naszych hodowc\u00f3w wymagamy udokumentowania pochodzenia swoich ps\u00f3w jak r\u00f3wnie\u017c obowi\u0105zkowo sprawdzamy badania na charakterystyczne dla danej rasy choroby. Musz\u0105 udowodni\u0107, \u017ce stosuj\u0105 si\u0119 do naszego Kodeksu Etyki oraz wys\u0142a\u0107 \u015bwiadectwa zdrowia swoich ps\u00f3w. Nasi hodowcy bior\u0105 odpowiedzialno\u015b\u0107 za ka\u017cdego wydanego szczeniaka i gwarantuj\u0105, \u017ce \u017caden nigdy nie trafi do schroniska. G\u0142\u00f3wnym celem naszego Zwi\u0105zku jest promowanie i kierowanie rozwojem ras hybrydowych w spos\u00f3b nie zagra\u017caj\u0105cy ich zdrowiu. Stworzony Kodes Etyki oraz Wymagane Badania Zdrowotne zosta\u0142y stworzone po to aby zapewni\u0107, \u017ce nasi hodowcy d\u0105\u017c\u0105 do wsp\u00f3lnego celu \u2013 ustandaryzowaniu ras hybrydowych .","robots":{"index":"index","follow":"follow","max-snippet":"max-snippet:-1","max-image-preview":"max-image-preview:large","max-video-preview":"max-video-preview:-1"},"canonical":"https:\/\/pzhh.com.pl\/","og_locale":"pl_PL","og_type":"article","og_title":"O Nas - POLSKI ZWI\u0104ZEK HODOWC\u00d3W HYBRYD","og_description":"PZHH jest jednym z klub\u00f3w Polsce , kt\u00f3re zrzesza najlepszych hodowc\u00f3w hybryd. Od naszych hodowc\u00f3w wymagamy udokumentowania pochodzenia swoich ps\u00f3w jak r\u00f3wnie\u017c obowi\u0105zkowo sprawdzamy badania na charakterystyczne dla danej rasy choroby. Musz\u0105 udowodni\u0107, \u017ce stosuj\u0105 si\u0119 do naszego Kodeksu Etyki oraz wys\u0142a\u0107 \u015bwiadectwa zdrowia swoich ps\u00f3w. Nasi hodowcy bior\u0105 odpowiedzialno\u015b\u0107 za ka\u017cdego wydanego szczeniaka i gwarantuj\u0105, \u017ce \u017caden nigdy nie trafi do schroniska. G\u0142\u00f3wnym celem naszego Zwi\u0105zku jest promowanie i kierowanie rozwojem ras hybrydowych w spos\u00f3b nie zagra\u017caj\u0105cy ich zdrowiu. Stworzony Kodes Etyki oraz Wymagane Badania Zdrowotne zosta\u0142y stworzone po to aby zapewni\u0107, \u017ce nasi hodowcy d\u0105\u017c\u0105 do wsp\u00f3lnego celu \u2013 ustandaryzowaniu ras hybrydowych .","og_url":"https:\/\/pzhh.com.pl\/","og_site_name":"POLSKI ZWI\u0104ZEK HODOWC\u00d3W HYBRYD","article_modified_time":"2025-01-23T19:31:14+00:00","twitter_card":"summary_large_image","twitter_misc":{"Szacowany czas czytania":"1 minuta"},"schema":{"@context":"https:\/\/schema.org","@graph":[{"@type":"WebPage","@id":"https:\/\/pzhh.com.pl\/","url":"https:\/\/pzhh.com.pl\/","name":"O Nas - POLSKI ZWI\u0104ZEK HODOWC\u00d3W HYBRYD","isPartOf":{"@id":"https:\/\/pzhh.com.pl\/#website"},"datePublished":"2023-08-07T10:18:02+00:00","dateModified":"2025-01-23T19:31:14+00:00","description":"PZHH jest jednym z klub\u00f3w Polsce , kt\u00f3re zrzesza najlepszych hodowc\u00f3w hybryd. Od naszych hodowc\u00f3w wymagamy udokumentowania pochodzenia swoich ps\u00f3w jak r\u00f3wnie\u017c obowi\u0105zkowo sprawdzamy badania na charakterystyczne dla danej rasy choroby. Musz\u0105 udowodni\u0107, \u017ce stosuj\u0105 si\u0119 do naszego Kodeksu Etyki oraz wys\u0142a\u0107 \u015bwiadectwa zdrowia swoich ps\u00f3w. Nasi hodowcy bior\u0105 odpowiedzialno\u015b\u0107 za ka\u017cdego wydanego szczeniaka i gwarantuj\u0105, \u017ce \u017caden nigdy nie trafi do schroniska. G\u0142\u00f3wnym celem naszego Zwi\u0105zku jest promowanie i kierowanie rozwojem ras hybrydowych w spos\u00f3b nie zagra\u017caj\u0105cy ich zdrowiu. Stworzony Kodes Etyki oraz Wymagane Badania Zdrowotne zosta\u0142y stworzone po to aby zapewni\u0107, \u017ce nasi hodowcy d\u0105\u017c\u0105 do wsp\u00f3lnego celu \u2013 ustandaryzowaniu ras hybrydowych .","breadcrumb":{"@id":"https:\/\/pzhh.com.pl\/#breadcrumb"},"inLanguage":"pl-PL","potentialAction":[{"@type":"ReadAction","target":["https:\/\/pzhh.com.pl\/"]}]},{"@type":"BreadcrumbList","@id":"https:\/\/pzhh.com.pl\/#breadcrumb","itemListElement":[{"@type":"ListItem","position":1,"name":"Strona g\u0142\u00f3wna","item":"https:\/\/pzhh.com.pl\/"},{"@type":"ListItem","position":2,"name":"O Nas"}]},{"@type":"WebSite","@id":"https:\/\/pzhh.com.pl\/#website","url":"https:\/\/pzhh.com.pl\/","name":"POLSKI ZWI\u0104ZEK HODOWC\u00d3W HYBRYD","description":"&quot;Bo dobro psa jest dla nas najwa\u017cniejsze&quot;","publisher":{"@id":"https:\/\/pzhh.com.pl\/#organization"},"potentialAction":[{"@type":"SearchAction","target":{"@type":"EntryPoint","urlTemplate":"https:\/\/pzhh.com.pl\/?s={search_term_string}"},"query-input":"required name=search_term_string"}],"inLanguage":"pl-PL"},{"@type":"Organization","@id":"https:\/\/pzhh.com.pl\/#organization","name":"POLSKI ZWI\u0104ZEK HODOWC\u00d3W HYBRYD","url":"https:\/\/pzhh.com.pl\/","logo":{"@type":"ImageObject","inLanguage":"pl-PL","@id":"https:\/\/pzhh.com.pl\/#\/schema\/logo\/image\/","url":"https:\/\/pzhh.com.pl\/wp-content\/uploads\/2023\/07\/cropped-logo-12.png","contentUrl":"https:\/\/pzhh.com.pl\/wp-content\/uploads\/2023\/07\/cropped-logo-12.png","width":826,"height":206,"caption":"POLSKI ZWI\u0104ZEK HODOWC\u00d3W HYBRYD"},"image":{"@id":"https:\/\/pzhh.com.pl\/#\/schema\/logo\/image\/"}}]}},"jetpack_sharing_enabled":true,"_links":{"self":[{"href":"https:\/\/pzhh.com.pl\/index.php?rest_route=\/wp\/v2\/pages\/74","targetHints":{"allow":["GET"]}}],"collection":[{"href":"https:\/\/pzhh.com.pl\/index.php?rest_route=\/wp\/v2\/pages"}],"about":[{"href":"https:\/\/pzhh.com.pl\/index.php?rest_route=\/wp\/v2\/types\/page"}],"author":[{"embeddable":true,"href":"https:\/\/pzhh.com.pl\/index.php?rest_route=\/wp\/v2\/users\/1"}],"replies":[{"embeddable":true,"href":"https:\/\/pzhh.com.pl\/index.php?rest_route=%2Fwp%2Fv2%2Fcomments&post=74"}],"version-history":[{"count":11,"href":"https:\/\/pzhh.com.pl\/index.php?rest_route=\/wp\/v2\/pages\/74\/revisions"}],"predecessor-version":[{"id":326,"href":"https:\/\/pzhh.com.pl\/index.php?rest_route=\/wp\/v2\/pages\/74\/revisions\/326"}],"wp:attachment":[{"href":"https:\/\/pzhh.com.pl\/index.php?rest_route=%2Fwp%2Fv2%2Fmedia&parent=74"}],"curies":[{"name":"wp","href":"https:\/\/api.w.org\/{rel}","templated":true}]}}