{"id":99,"date":"2023-08-07T19:28:33","date_gmt":"2023-08-07T19:28:33","guid":{"rendered":"https:\/\/pzhh.com.pl\/?page_id=99"},"modified":"2023-08-07T19:28:34","modified_gmt":"2023-08-07T19:28:34","slug":"regulamin-stowarzyszenia","status":"publish","type":"page","link":"https:\/\/pzhh.com.pl\/?page_id=99","title":{"rendered":"Regulamin Stowarzyszenia"},"content":{"rendered":"\n<div data-wp-interactive=\"core\/file\" class=\"wp-block-file\"><object data-wp-bind--hidden=\"!state.hasPdfPreview\" hidden class=\"wp-block-file__embed\" data=\"https:\/\/pzhh.com.pl\/wp-content\/uploads\/2023\/08\/regulamin_stowarzyszenia_zwyklego_07.2023.pdf\" type=\"application\/pdf\" style=\"width:100%;height:600px\" aria-label=\"Osadzone z regulamin_stowarzyszenia_zwyklego_07.2023.\"><\/object><a id=\"wp-block-file--media-c385d335-7cf2-4c5a-ad77-851fb697acc9\" href=\"https:\/\/pzhh.com.pl\/wp-content\/uploads\/2023\/08\/regulamin_stowarzyszenia_zwyklego_07.2023.pdf\">regulamin_stowarzyszenia_zwyklego_07.2023<\/a><a href=\"https:\/\/pzhh.com.pl\/wp-content\/uploads\/2023\/08\/regulamin_stowarzyszenia_zwyklego_07.2023.pdf\" class=\"wp-block-file__button wp-element-button\" download aria-describedby=\"wp-block-file--media-c385d335-7cf2-4c5a-ad77-851fb697acc9\">Pobierz<\/a><\/div>\n","protected":false},"excerpt":{"rendered":"","protected":false},"author":1,"featured_media":0,"parent":0,"menu_order":0,"comment_status":"closed","ping_status":"closed","template":"","meta":{"footnotes":""},"class_list":["post-99","page","type-page","status-publish","hentry"],"yoast_head":"<!-- This site is optimized with the Yoast SEO plugin v23.0 - https:\/\/yoast.com\/wordpress\/plugins\/seo\/ -->\n<title>Regulamin Stowarzyszenia - POLSKI ZWI\u0104ZEK HODOWC\u00d3W HYBRYD<\/title>\n<meta name=\"robots\" content=\"index, follow, max-snippet:-1, max-image-preview:large, max-video-preview:-1\" \/>\n<link rel=\"canonical\" href=\"https:\/\/pzhh.com.pl\/?page_id=99\" \/>\n<meta property=\"og:locale\" content=\"pl_PL\" \/>\n<meta property=\"og:type\" content=\"article\" \/>\n<meta property=\"og:title\" content=\"Regulamin Stowarzyszenia - POLSKI ZWI\u0104ZEK HODOWC\u00d3W HYBRYD\" \/>\n<meta property=\"og:url\" content=\"https:\/\/pzhh.com.pl\/?page_id=99\" \/>\n<meta property=\"og:site_name\" content=\"POLSKI ZWI\u0104ZEK HODOWC\u00d3W HYBRYD\" \/>\n<meta property=\"article:modified_time\" content=\"2023-08-07T19:28:34+00:00\" \/>\n<meta name=\"twitter:card\" content=\"summary_large_image\" \/>\n<meta name=\"twitter:label1\" content=\"Szacowany czas czytania\" \/>\n\t<meta name=\"twitter:data1\" content=\"1 minuta\" \/>\n<script type=\"application\/ld+json\" class=\"yoast-schema-graph\">{\"@context\":\"https:\/\/schema.org\",\"@graph\":[{\"@type\":\"WebPage\",\"@id\":\"https:\/\/pzhh.com.pl\/?page_id=99\",\"url\":\"https:\/\/pzhh.com.pl\/?page_id=99\",\"name\":\"Regulamin Stowarzyszenia - POLSKI ZWI\u0104ZEK HODOWC\u00d3W HYBRYD\",\"isPartOf\":{\"@id\":\"https:\/\/pzhh.com.pl\/#website\"},\"datePublished\":\"2023-08-07T19:28:33+00:00\",\"dateModified\":\"2023-08-07T19:28:34+00:00\",\"breadcrumb\":{\"@id\":\"https:\/\/pzhh.com.pl\/?page_id=99#breadcrumb\"},\"inLanguage\":\"pl-PL\",\"potentialAction\":[{\"@type\":\"ReadAction\",\"target\":[\"https:\/\/pzhh.com.pl\/?page_id=99\"]}]},{\"@type\":\"BreadcrumbList\",\"@id\":\"https:\/\/pzhh.com.pl\/?page_id=99#breadcrumb\",\"itemListElement\":[{\"@type\":\"ListItem\",\"position\":1,\"name\":\"Strona g\u0142\u00f3wna\",\"item\":\"https:\/\/pzhh.com.pl\/\"},{\"@type\":\"ListItem\",\"position\":2,\"name\":\"Regulamin Stowarzyszenia\"}]},{\"@type\":\"WebSite\",\"@id\":\"https:\/\/pzhh.com.pl\/#website\",\"url\":\"https:\/\/pzhh.com.pl\/\",\"name\":\"POLSKI ZWI\u0104ZEK HODOWC\u00d3W HYBRYD\",\"description\":\"&quot;Bo dobro psa jest dla nas najwa\u017cniejsze&quot;\",\"publisher\":{\"@id\":\"https:\/\/pzhh.com.pl\/#organization\"},\"potentialAction\":[{\"@type\":\"SearchAction\",\"target\":{\"@type\":\"EntryPoint\",\"urlTemplate\":\"https:\/\/pzhh.com.pl\/?s={search_term_string}\"},\"query-input\":\"required name=search_term_string\"}],\"inLanguage\":\"pl-PL\"},{\"@type\":\"Organization\",\"@id\":\"https:\/\/pzhh.com.pl\/#organization\",\"name\":\"POLSKI ZWI\u0104ZEK HODOWC\u00d3W HYBRYD\",\"url\":\"https:\/\/pzhh.com.pl\/\",\"logo\":{\"@type\":\"ImageObject\",\"inLanguage\":\"pl-PL\",\"@id\":\"https:\/\/pzhh.com.pl\/#\/schema\/logo\/image\/\",\"url\":\"https:\/\/pzhh.com.pl\/wp-content\/uploads\/2023\/07\/cropped-logo-12.png\",\"contentUrl\":\"https:\/\/pzhh.com.pl\/wp-content\/uploads\/2023\/07\/cropped-logo-12.png\",\"width\":826,\"height\":206,\"caption\":\"POLSKI ZWI\u0104ZEK HODOWC\u00d3W HYBRYD\"},\"image\":{\"@id\":\"https:\/\/pzhh.com.pl\/#\/schema\/logo\/image\/\"}}]}<\/script>\n<!-- \/ Yoast SEO plugin. -->","yoast_head_json":{"title":"Regulamin Stowarzyszenia - POLSKI ZWI\u0104ZEK HODOWC\u00d3W HYBRYD","robots":{"index":"index","follow":"follow","max-snippet":"max-snippet:-1","max-image-preview":"max-image-preview:large","max-video-preview":"max-video-preview:-1"},"canonical":"https:\/\/pzhh.com.pl\/?page_id=99","og_locale":"pl_PL","og_type":"article","og_title":"Regulamin Stowarzyszenia - POLSKI ZWI\u0104ZEK HODOWC\u00d3W HYBRYD","og_url":"https:\/\/pzhh.com.pl\/?page_id=99","og_site_name":"POLSKI ZWI\u0104ZEK HODOWC\u00d3W HYBRYD","article_modified_time":"2023-08-07T19:28:34+00:00","twitter_card":"summary_large_image","twitter_misc":{"Szacowany czas czytania":"1 minuta"},"schema":{"@context":"https:\/\/schema.org","@graph":[{"@type":"WebPage","@id":"https:\/\/pzhh.com.pl\/?page_id=99","url":"https:\/\/pzhh.com.pl\/?page_id=99","name":"Regulamin Stowarzyszenia - POLSKI ZWI\u0104ZEK HODOWC\u00d3W HYBRYD","isPartOf":{"@id":"https:\/\/pzhh.com.pl\/#website"},"datePublished":"2023-08-07T19:28:33+00:00","dateModified":"2023-08-07T19:28:34+00:00","breadcrumb":{"@id":"https:\/\/pzhh.com.pl\/?page_id=99#breadcrumb"},"inLanguage":"pl-PL","potentialAction":[{"@type":"ReadAction","target":["https:\/\/pzhh.com.pl\/?page_id=99"]}]},{"@type":"BreadcrumbList","@id":"https:\/\/pzhh.com.pl\/?page_id=99#breadcrumb","itemListElement":[{"@type":"ListItem","position":1,"name":"Strona g\u0142\u00f3wna","item":"https:\/\/pzhh.com.pl\/"},{"@type":"ListItem","position":2,"name":"Regulamin Stowarzyszenia"}]},{"@type":"WebSite","@id":"https:\/\/pzhh.com.pl\/#website","url":"https:\/\/pzhh.com.pl\/","name":"POLSKI ZWI\u0104ZEK HODOWC\u00d3W HYBRYD","description":"&quot;Bo dobro psa jest dla nas najwa\u017cniejsze&quot;","publisher":{"@id":"https:\/\/pzhh.com.pl\/#organization"},"potentialAction":[{"@type":"SearchAction","target":{"@type":"EntryPoint","urlTemplate":"https:\/\/pzhh.com.pl\/?s={search_term_string}"},"query-input":"required name=search_term_string"}],"inLanguage":"pl-PL"},{"@type":"Organization","@id":"https:\/\/pzhh.com.pl\/#organization","name":"POLSKI ZWI\u0104ZEK HODOWC\u00d3W HYBRYD","url":"https:\/\/pzhh.com.pl\/","logo":{"@type":"ImageObject","inLanguage":"pl-PL","@id":"https:\/\/pzhh.com.pl\/#\/schema\/logo\/image\/","url":"https:\/\/pzhh.com.pl\/wp-content\/uploads\/2023\/07\/cropped-logo-12.png","contentUrl":"https:\/\/pzhh.com.pl\/wp-content\/uploads\/2023\/07\/cropped-logo-12.png","width":826,"height":206,"caption":"POLSKI ZWI\u0104ZEK HODOWC\u00d3W HYBRYD"},"image":{"@id":"https:\/\/pzhh.com.pl\/#\/schema\/logo\/image\/"}}]}},"jetpack_sharing_enabled":true,"_links":{"self":[{"href":"https:\/\/pzhh.com.pl\/index.php?rest_route=\/wp\/v2\/pages\/99","targetHints":{"allow":["GET"]}}],"collection":[{"href":"https:\/\/pzhh.com.pl\/index.php?rest_route=\/wp\/v2\/pages"}],"about":[{"href":"https:\/\/pzhh.com.pl\/index.php?rest_route=\/wp\/v2\/types\/page"}],"author":[{"embeddable":true,"href":"https:\/\/pzhh.com.pl\/index.php?rest_route=\/wp\/v2\/users\/1"}],"replies":[{"embeddable":true,"href":"https:\/\/pzhh.com.pl\/index.php?rest_route=%2Fwp%2Fv2%2Fcomments&post=99"}],"version-history":[{"count":1,"href":"https:\/\/pzhh.com.pl\/index.php?rest_route=\/wp\/v2\/pages\/99\/revisions"}],"predecessor-version":[{"id":101,"href":"https:\/\/pzhh.com.pl\/index.php?rest_route=\/wp\/v2\/pages\/99\/revisions\/101"}],"wp:attachment":[{"href":"https:\/\/pzhh.com.pl\/index.php?rest_route=%2Fwp%2Fv2%2Fmedia&parent=99"}],"curies":[{"name":"wp","href":"https:\/\/api.w.org\/{rel}","templated":true}]}}